{"id":453,"date":"2024-03-27T21:36:32","date_gmt":"2024-03-27T20:36:32","guid":{"rendered":"https:\/\/leavong.com\/?page_id=453"},"modified":"2024-08-24T23:52:28","modified_gmt":"2024-08-24T21:52:28","slug":"seance","status":"publish","type":"page","link":"https:\/\/leavong.com\/index.php\/seance\/","title":{"rendered":"Les S\u00e9ances de Coaching"},"content":{"rendered":"\n<p class=\"has-text-align-center\" style=\"font-size:18px\">Une s\u00e9ance se d\u00e9roule g\u00e9n\u00e9ralement comme suit :<\/p>\n\n\n\n<p><\/p>\n\n\n\n<ol class=\"wp-block-list\">\n<li style=\"font-size:18px\"><strong>Accueil et \u00e9change : <\/strong>Lors de la premi\u00e8re s\u00e9ance, je prendrai le temps de vous accueillir et d&rsquo;\u00e9changer avec vous pour comprendre vos besoins, vos attentes et vos \u00e9ventuelles pr\u00e9occupations. Les s\u00e9ances suivantes d\u00e9butent souvent par un bref \u00e9change pour faire le point sur votre \u00e9tat physique, \u00e9motionnel et mental du moment.<\/li>\n\n\n\n<li style=\"font-size:18px\"><strong>Pr\u00e9sentation des objectifs :<\/strong> Je vous expliquerai les objectifs de la s\u00e9ance et les exercices qui seront pratiqu\u00e9s. Il peut s&rsquo;agir de techniques de relaxation, de respiration, de visualisation, ou d&rsquo;autres exercices adapt\u00e9s \u00e0 vos besoins sp\u00e9cifiques.<\/li>\n\n\n\n<li style=\"font-size:18px\"><strong>Exercices pratiques :<\/strong> Vous serez guid\u00e9 \u00e0 travers une s\u00e9rie d&rsquo;exercices qui visent \u00e0 vous aider \u00e0 atteindre les objectifs fix\u00e9s. Ces exercices peuvent inclure la relaxation musculaire, la respiration contr\u00f4l\u00e9e, la visualisation positive, la m\u00e9ditation, ou d&rsquo;autres techniques sophrologiques.<\/li>\n\n\n\n<li style=\"font-size:18px\"><strong>Int\u00e9gration :<\/strong> \u00c0 la fin de la s\u00e9ance, vous aurez l&rsquo;occasion de partager vos ressentis, vos exp\u00e9riences et vos \u00e9ventuelles prises de conscience avec moi. Cela permet d&rsquo;int\u00e9grer les b\u00e9n\u00e9fices de la s\u00e9ance et d&rsquo;ajuster les pratiques en fonction de vos retours.<\/li>\n\n\n\n<li style=\"font-size:18px\"><strong>Conseils et recommandations :<\/strong> Je pourrais vous donner des conseils ou des recommandations pour prolonger les bienfaits de la s\u00e9ance dans votre vie quotidienne. Cela peut inclure des exercices \u00e0 pratiquer chez vous, des techniques de gestion du stress, ou des suggestions pour int\u00e9grer la sophrologie dans votre routine.<\/li>\n\n\n\n<li style=\"font-size:18px\"><strong>Conclusion :<\/strong> La s\u00e9ance se termine par un moment de cl\u00f4ture o\u00f9 vous pouvez me poser des questions, planifier la prochaine s\u00e9ance si n\u00e9cessaire, et prendre le temps de vous recentrer avant de quitter l&rsquo;espace de pratique.<\/li>\n<\/ol>\n\n\n\n<p><\/p>\n\n\n\n<p class=\"has-text-align-center\" style=\"font-size:18px\">Chaque s\u00e9ance de sophrologie est adapt\u00e9e \u00e0 vos besoins et \u00e0 votre rythme, et je serais l\u00e0 pour vous accompagner tout au long du processus.<\/p>\n\n\n\n<p><\/p>\n\n\n\n<div class=\"wp-block-buttons is-content-justification-center is-layout-flex wp-container-core-buttons-is-layout-16018d1d wp-block-buttons-is-layout-flex\">\n<div class=\"wp-block-button is-style-outline is-style-outline--1\"><a class=\"wp-block-button__link has-text-color has-link-color has-text-align-center wp-element-button\" href=\"https:\/\/leavong.com\/index.php\/sophrologie\/\" style=\"color:#849274\">VOIR LES S\u00c9ANCES<\/a><\/div>\n<\/div>\n\n\n\n<p><\/p>\n","protected":false},"excerpt":{"rendered":"<p>Une s\u00e9ance se d\u00e9roule g\u00e9n\u00e9ralement comme suit : Chaque s\u00e9ance de sophrologie est adapt\u00e9e \u00e0 vos besoins et \u00e0 votre rythme, et je serais l\u00e0 pour vous accompagner tout au long du processus.<\/p>\n","protected":false},"author":1,"featured_media":0,"parent":0,"menu_order":0,"comment_status":"closed","ping_status":"closed","template":"","meta":{"footnotes":""},"class_list":["post-453","page","type-page","status-publish","hentry"],"_links":{"self":[{"href":"https:\/\/leavong.com\/index.php\/wp-json\/wp\/v2\/pages\/453","targetHints":{"allow":["GET"]}}],"collection":[{"href":"https:\/\/leavong.com\/index.php\/wp-json\/wp\/v2\/pages"}],"about":[{"href":"https:\/\/leavong.com\/index.php\/wp-json\/wp\/v2\/types\/page"}],"author":[{"embeddable":true,"href":"https:\/\/leavong.com\/index.php\/wp-json\/wp\/v2\/users\/1"}],"replies":[{"embeddable":true,"href":"https:\/\/leavong.com\/index.php\/wp-json\/wp\/v2\/comments?post=453"}],"version-history":[{"count":17,"href":"https:\/\/leavong.com\/index.php\/wp-json\/wp\/v2\/pages\/453\/revisions"}],"predecessor-version":[{"id":697,"href":"https:\/\/leavong.com\/index.php\/wp-json\/wp\/v2\/pages\/453\/revisions\/697"}],"wp:attachment":[{"href":"https:\/\/leavong.com\/index.php\/wp-json\/wp\/v2\/media?parent=453"}],"curies":[{"name":"wp","href":"https:\/\/api.w.org\/{rel}","templated":true}]}}