{"id":470,"date":"2024-03-27T22:58:26","date_gmt":"2024-03-27T21:58:26","guid":{"rendered":"https:\/\/leavong.com\/?page_id=470"},"modified":"2025-08-09T19:03:15","modified_gmt":"2025-08-09T17:03:15","slug":"sophrologie","status":"publish","type":"page","link":"https:\/\/leavong.com\/index.php\/sophrologie\/","title":{"rendered":"Les S\u00e9ances"},"content":{"rendered":"\n<div class=\"wp-block-columns alignwide is-layout-flex wp-container-core-columns-is-layout-829b1d53 wp-block-columns-is-layout-flex\" style=\"margin-bottom:0\">\n<div class=\"wp-block-column has-text-color has-background has-link-color wp-elements-28b93724ac588bae739fa40967c6856b is-layout-flow wp-block-column-is-layout-flow\" style=\"color:#000000;background-color:#b0b7a7;padding-top:2em;padding-right:2em;padding-bottom:2em;padding-left:2em\">\n<h1 class=\"wp-block-heading has-text-align-center\" id=\"single\" style=\"font-size:20px\"><strong>S\u00e9ance individuelle<\/strong><\/h1>\n\n\n\n<p class=\"has-normal-font-size\" style=\"line-height:1.5\">Une seule personne.<\/p>\n\n\n\n<div style=\"height:16px\" aria-hidden=\"true\" class=\"wp-block-spacer\"><\/div>\n\n\n\n<hr class=\"wp-block-separator has-text-color has-css-opacity has-background is-style-wide\" style=\"background-color:#000000;color:#000000\"\/>\n\n\n\n<ul class=\"wp-block-list has-normal-font-size\">\n<li>Accueil et \u00e9change<\/li>\n\n\n\n<li>Pr\u00e9sentation des objectifs<\/li>\n\n\n\n<li>Exercices pratiques<\/li>\n\n\n\n<li>Int\u00e9gration<\/li>\n\n\n\n<li>Conseils et recommandations<\/li>\n\n\n\n<li>Conclusion<\/li>\n\n\n\n<li>70\u20ac \/ s\u00e9ance<\/li>\n<\/ul>\n\n\n\n<div class=\"wp-block-buttons alignfull is-horizontal is-content-justification-center is-layout-flex wp-container-core-buttons-is-layout-499968f5 wp-block-buttons-is-layout-flex\">\n<div class=\"wp-block-button has-custom-width wp-block-button__width-100 is-style-outline is-style-outline--1\"><a class=\"wp-block-button__link has-black-color has-text-color has-custom-font-size wp-element-button\" href=\"https:\/\/leavong.com\/index.php\/rendez-vous\/\" style=\"border-radius:100px;font-size:12px\">PRENDRE RENDEZ-VOUS<\/a><\/div>\n<\/div>\n<\/div>\n\n\n\n<div class=\"wp-block-column has-text-color has-background has-link-color wp-elements-a95c17cdd57be24f1011f16a4c7f3449 is-layout-flow wp-block-column-is-layout-flow\" style=\"color:#000000;background-color:#849274;padding-top:2em;padding-right:2em;padding-bottom:2em;padding-left:2em\">\n<h1 class=\"wp-block-heading has-text-align-center\" id=\"family\" style=\"font-size:20px\"><strong>S\u00e9ance en groupe<\/strong><\/h1>\n\n\n\n<p class=\"has-normal-font-size\" style=\"line-height:1.5\">Entre 2 et 6 personnes max.<\/p>\n\n\n\n<hr class=\"wp-block-separator has-css-opacity is-style-wide\"\/>\n\n\n\n<ul class=\"wp-block-list has-normal-font-size\">\n<li>Accueil et \u00e9change<\/li>\n\n\n\n<li>Pr\u00e9sentation des objectifs<\/li>\n\n\n\n<li>Exercices pratiques<\/li>\n\n\n\n<li>Int\u00e9gration<\/li>\n\n\n\n<li>Conseils et recommandations<\/li>\n\n\n\n<li>Conclusion<\/li>\n\n\n\n<li>150\u20ac \/ s\u00e9ance<\/li>\n<\/ul>\n\n\n\n<div class=\"wp-block-buttons alignfull is-horizontal is-content-justification-center is-layout-flex wp-container-core-buttons-is-layout-499968f5 wp-block-buttons-is-layout-flex\">\n<div class=\"wp-block-button has-custom-width wp-block-button__width-100 is-style-outline is-style-outline--2\"><a class=\"wp-block-button__link has-black-color has-text-color has-custom-font-size wp-element-button\" href=\"https:\/\/leavong.com\/index.php\/rendez-vous\/\" style=\"border-radius:100px;font-size:12px\">PRENDRE RENDEZ-VOUS<\/a><\/div>\n<\/div>\n<\/div>\n\n\n\n<div class=\"wp-block-column has-text-color has-background has-link-color wp-elements-67c42b98cd4872fdea8ae406df8059bd is-layout-flow wp-block-column-is-layout-flow\" style=\"color:#000000;background-color:#545f44;padding-top:2em;padding-right:2em;padding-bottom:2em;padding-left:2em\">\n<h1 class=\"wp-block-heading has-text-align-center\" id=\"patron\" style=\"font-size:20px\"><strong>S\u00e9ance personnalis\u00e9e<\/strong><\/h1>\n\n\n\n<p class=\"has-normal-font-size\">Intermittents du spectacle, etc&#8230;<\/p>\n\n\n\n<hr class=\"wp-block-separator has-css-opacity is-style-wide\"\/>\n\n\n\n<ul class=\"wp-block-list has-normal-font-size\">\n<li>Accueil et \u00e9change<\/li>\n\n\n\n<li>Pr\u00e9sentations des objectifs<\/li>\n\n\n\n<li>Exercices pratiques<\/li>\n\n\n\n<li>Int\u00e9gration<\/li>\n\n\n\n<li>Conseils et recommandations<\/li>\n\n\n\n<li>Conclusion<\/li>\n\n\n\n<li>Sur devis<\/li>\n<\/ul>\n\n\n\n<div class=\"wp-block-buttons alignfull is-horizontal is-content-justification-center is-layout-flex wp-container-core-buttons-is-layout-499968f5 wp-block-buttons-is-layout-flex\">\n<div class=\"wp-block-button has-custom-width wp-block-button__width-100 is-style-outline is-style-outline--3\"><a class=\"wp-block-button__link has-black-color has-text-color has-custom-font-size wp-element-button\" href=\"https:\/\/leavong.com\/index.php\/contact\/\" style=\"border-radius:100px;font-size:12px\">CONTACTEZ MOI<\/a><\/div>\n<\/div>\n<\/div>\n<\/div>\n","protected":false},"excerpt":{"rendered":"<p>S\u00e9ance individuelle Une seule personne. S\u00e9ance en groupe Entre 2 et 6 personnes max. S\u00e9ance personnalis\u00e9e Intermittents du spectacle, etc&#8230;<\/p>\n","protected":false},"author":1,"featured_media":0,"parent":0,"menu_order":0,"comment_status":"closed","ping_status":"closed","template":"","meta":{"footnotes":""},"class_list":["post-470","page","type-page","status-publish","hentry"],"_links":{"self":[{"href":"https:\/\/leavong.com\/index.php\/wp-json\/wp\/v2\/pages\/470","targetHints":{"allow":["GET"]}}],"collection":[{"href":"https:\/\/leavong.com\/index.php\/wp-json\/wp\/v2\/pages"}],"about":[{"href":"https:\/\/leavong.com\/index.php\/wp-json\/wp\/v2\/types\/page"}],"author":[{"embeddable":true,"href":"https:\/\/leavong.com\/index.php\/wp-json\/wp\/v2\/users\/1"}],"replies":[{"embeddable":true,"href":"https:\/\/leavong.com\/index.php\/wp-json\/wp\/v2\/comments?post=470"}],"version-history":[{"count":18,"href":"https:\/\/leavong.com\/index.php\/wp-json\/wp\/v2\/pages\/470\/revisions"}],"predecessor-version":[{"id":717,"href":"https:\/\/leavong.com\/index.php\/wp-json\/wp\/v2\/pages\/470\/revisions\/717"}],"wp:attachment":[{"href":"https:\/\/leavong.com\/index.php\/wp-json\/wp\/v2\/media?parent=470"}],"curies":[{"name":"wp","href":"https:\/\/api.w.org\/{rel}","templated":true}]}}