{"id":510,"date":"2024-03-28T00:45:09","date_gmt":"2024-03-27T23:45:09","guid":{"rendered":"https:\/\/leavong.com\/?page_id=510"},"modified":"2025-09-30T23:16:35","modified_gmt":"2025-09-30T21:16:35","slug":"mon-histoire-3","status":"publish","type":"page","link":"https:\/\/leavong.com\/","title":{"rendered":"Mon Histoire"},"content":{"rendered":"\n<figure class=\"wp-block-audio\"><audio controls src=\"https:\/\/leavong.com\/wp-content\/uploads\/2024\/03\/Spirit-Bird-1.mp3\" autoplay loop preload=\"auto\"><\/audio><\/figure>\n\n\n\n<div style=\"height:50px\" aria-hidden=\"true\" class=\"wp-block-spacer\"><\/div>\n\n\n\n<p class=\"has-text-align-center\" style=\"font-size:18px\">Moi, c&rsquo;est L\u00e9a, j\u2019ai 5 ans et je comprends que ma vie ne sera pas facile. Apr\u00e8s des ann\u00e9es de vie communes, mes parents d\u00e9cident de se s\u00e9parer. Entre violence et justice, je suis oblig\u00e9e de faire des choix constamment pour ne pas blesser l&rsquo;un ou l&rsquo;autre, car ma plus grande peur, c\u2019est de leurs faire du mal.<\/p>\n\n\n\n<p class=\"has-text-align-center\" style=\"font-size:18px\">Je n\u2019\u00e9couterai jamais mes envies, je suis une enfant dans l\u2019observation et surtout dans l\u2019empathie.<\/p>\n\n\n\n<p class=\"has-text-align-center\" style=\"font-size:18px\">\u00c0 l&rsquo;\u00e2ge de 23 ans, malgr\u00e9 mon pass\u00e9, je d\u00e9cide enfin d\u2019\u00e9couter mes envies en me lan\u00e7ant dans la vie active. Je d\u00e9cide donc de partir vivre \u00e0 des centaines de kilom\u00e8tres de chez moi dans le sud-ouest. Je deviens alors vendeuse en pr\u00eat-\u00e0-porter, puis je me laisse guider vers le poste d\u2019\u00e9talagiste d&rsquo;o\u00f9 le fait d&rsquo;habiller les mannequins me donne l\u2019envie d\u2019\u00eatre bien dans ses v\u00eatements. Je me laisse envahir par la passion de ce m\u00e9tier.<\/p>\n\n\n\n<p class=\"has-text-align-center\" style=\"font-size:18px\">Cependant, je sens que personnellement je ne suis pas moi, j&rsquo;ai l&rsquo;impression d&rsquo;\u00eatre attir\u00e9e par l\u2019amour des femmes et leur beaut\u00e9. Je deviens alors homosexuelle, comme si de me mettre dans une cat\u00e9gorie de personnes, me rassurait.<\/p>\n\n\n\n<p class=\"has-text-align-center has-text-color has-link-color wp-elements-c1462cc146a31c672a67419fcf24d610\" style=\"color:#695f5f;font-size:22px\"><strong><em>\u00ab\u00a0Comme si je devenais enfin quelqu&rsquo;un !\u00a0\u00bb<\/em><\/strong><\/p>\n\n\n\n<div class=\"wp-block-buttons is-content-justification-center is-layout-flex wp-container-core-buttons-is-layout-51f7783f wp-block-buttons-is-layout-flex\">\n<div class=\"wp-block-button is-style-outline is-style-outline--1\"><a class=\"wp-block-button__link has-text-color has-link-color has-small-font-size has-custom-font-size wp-element-button\" href=\"https:\/\/leavong.com\/index.php\/la-suite-de-mon-histoire\/\" style=\"color:#979797\"><strong>LIRE LA SUITE<\/strong><\/a><\/div>\n<\/div>\n\n\n\n<p><\/p>\n","protected":false},"excerpt":{"rendered":"<p>Moi, c&rsquo;est L\u00e9a, j\u2019ai 5 ans et je comprends que ma vie ne sera pas facile. Apr\u00e8s des ann\u00e9es de vie communes, mes parents d\u00e9cident de se s\u00e9parer. Entre violence et justice, je suis oblig\u00e9e de faire des choix constamment pour ne pas blesser l&rsquo;un ou l&rsquo;autre, car ma plus grande peur, c\u2019est de leurs &hellip; <\/p>\n<p class=\"link-more\"><a href=\"https:\/\/leavong.com\/\" class=\"more-link\">Continuer la lecture<span class=\"screen-reader-text\"> de &laquo;&nbsp;Mon Histoire&nbsp;&raquo;<\/span><\/a><\/p>\n","protected":false},"author":1,"featured_media":736,"parent":0,"menu_order":0,"comment_status":"closed","ping_status":"closed","template":"elementor_header_footer","meta":{"footnotes":""},"class_list":["post-510","page","type-page","status-publish","has-post-thumbnail","hentry"],"_links":{"self":[{"href":"https:\/\/leavong.com\/index.php\/wp-json\/wp\/v2\/pages\/510","targetHints":{"allow":["GET"]}}],"collection":[{"href":"https:\/\/leavong.com\/index.php\/wp-json\/wp\/v2\/pages"}],"about":[{"href":"https:\/\/leavong.com\/index.php\/wp-json\/wp\/v2\/types\/page"}],"author":[{"embeddable":true,"href":"https:\/\/leavong.com\/index.php\/wp-json\/wp\/v2\/users\/1"}],"replies":[{"embeddable":true,"href":"https:\/\/leavong.com\/index.php\/wp-json\/wp\/v2\/comments?post=510"}],"version-history":[{"count":27,"href":"https:\/\/leavong.com\/index.php\/wp-json\/wp\/v2\/pages\/510\/revisions"}],"predecessor-version":[{"id":738,"href":"https:\/\/leavong.com\/index.php\/wp-json\/wp\/v2\/pages\/510\/revisions\/738"}],"wp:featuredmedia":[{"embeddable":true,"href":"https:\/\/leavong.com\/index.php\/wp-json\/wp\/v2\/media\/736"}],"wp:attachment":[{"href":"https:\/\/leavong.com\/index.php\/wp-json\/wp\/v2\/media?parent=510"}],"curies":[{"name":"wp","href":"https:\/\/api.w.org\/{rel}","templated":true}]}}