{"id":617,"date":"2024-03-28T20:46:28","date_gmt":"2024-03-28T19:46:28","guid":{"rendered":"https:\/\/leavong.com\/?page_id=617"},"modified":"2024-09-18T00:18:11","modified_gmt":"2024-09-17T22:18:11","slug":"la-suite-de-mon-histoire","status":"publish","type":"page","link":"https:\/\/leavong.com\/index.php\/la-suite-de-mon-histoire\/","title":{"rendered":"La suite de mon histoire"},"content":{"rendered":"\n<figure class=\"wp-block-audio\"><audio controls src=\"https:\/\/leavong.com\/wp-content\/uploads\/2024\/03\/Spirit-Bird.mp3\" autoplay loop preload=\"auto\"><\/audio><\/figure>\n\n\n\n<p><\/p>\n\n\n\n<p class=\"has-text-align-center\" style=\"font-size:18px\">Une nouvelle vie commence pour moi, mais dans ce job qui me passionne, mes d\u00e9mons refont surface : <\/p>\n\n\n\n<ul class=\"wp-block-list\">\n<li style=\"font-size:18px\">ne pas d\u00e9cevoir<\/li>\n\n\n\n<li style=\"font-size:18px\">peur du jugement<\/li>\n\n\n\n<li style=\"font-size:18px\">devoir faire des choix<\/li>\n<\/ul>\n\n\n\n<p class=\"has-text-align-center\" style=\"font-size:18px\">donc j\u2019\u00e9coute et j\u2019ob\u00e9is. Je finis m\u00eame par encaisser des insultes de la part de mon responsable en me disant que c\u2019\u00e9tait normal car il m\u2019avait tout appris dans ce m\u00e9tier. Pendant 3 ans, j&rsquo;ai subi et j&rsquo;ai souri. Mais \u00e0 25 ans, je tombe dans une forte et sombre d\u00e9pression, je n&rsquo;ai plus l&rsquo;envie d&rsquo;aller au travail, plus l\u2019envie de rien, juste l&rsquo;envie de mourir.<\/p>\n\n\n\n<p class=\"has-text-align-center\" style=\"font-size:18px\">Puis un jour, je d\u00e9couvre la lumi\u00e8re&#8230; La Sophrologie. S\u00e9ance apr\u00e8s s\u00e9ance, le brouillard laisse place au soleil dans ma vie. <\/p>\n\n\n\n<p class=\"has-text-align-center\" style=\"font-size:18px\">\u00c0 26 ans, je rencontre un homme, je sors donc de cette cat\u00e9gorie, il fera de moi une maman et une \u00e9pouse combl\u00e9e. Par la suite, je retrouve un emploi d\u2019\u00e9talagiste, ce m\u00e9tier qui me passionne et qui me fait vibrer. Je suis vraiment \u00e9panouie mais il me manque quelque chose. Un matin, je discute avec une cliente qui me dit qu\u2019elle est en formation de Sophrologie et mon visage s\u2019illumine : <\/p>\n\n\n\n<blockquote class=\"wp-block-quote is-layout-flow wp-block-quote-is-layout-flow\">\n<p class=\"has-text-align-center\" style=\"font-size:22px\"><strong>\u00ab\u00a0Mais oui, c\u2019est \u00e7a qui me manque !<\/strong><\/p>\n\n\n\n<p class=\"has-text-align-center\" style=\"font-size:22px\"><strong>La connaissance approfondie de la Sophrologie.\u00a0\u00bb<\/strong><\/p>\n<\/blockquote>\n\n\n\n<p class=\"has-text-align-center\" style=\"font-size:18px\">Cela trotte dans ma t\u00eate, c&rsquo;est d\u00e9cid\u00e9, je quitte \u00e0 nouveau mon travail mais pas \u00e0 cause d&rsquo;une d\u00e9pression, mais avec l&rsquo;envie de devenir Sophrologue.<\/p>\n\n\n\n<p class=\"has-text-align-center\" style=\"font-size:18px\">Je suis donc une formation \u00e0 l\u2019\u00e9cole <a href=\"https:\/\/www.sophrologie-formation.fr\" target=\"_blank\" rel=\"noreferrer noopener\">Aliotta<\/a> de Bordeaux o\u00f9 je r\u00e9alise mon r\u00eave en juillet 2022. Quelle fiert\u00e9 pour moi \u00e0 31 ans, d&rsquo;avoir r\u00e9ussi ma formation et de me lancer dans ce nouveau challenge. \u00c0 mon tour d&rsquo;accompagner ces personnes.<\/p>\n\n\n\n<p class=\"has-text-align-center\" style=\"font-size:18px;line-height:1.5\">Un an plus tard, je deviens maman pour la deuxi\u00e8me fois. J&rsquo;am\u00e9nage donc la chambre de b\u00e9b\u00e9 sur le th\u00e8me du bien-\u00eatre int\u00e9rieur en combinant la Sophrologie et le design. Je deviens alors <a href=\"https:\/\/leavong.com\/index.php\/sophrodesigner\/\">Sophrodesigner<\/a>, un m\u00e9tier qui, \u00e0 ma connaissance n&rsquo;existe pas mais qui me fait me sentir moi.<\/p>\n\n\n\n<p class=\"has-text-align-center\" style=\"font-size:18px\">Je suis actuellement sophrologue, mais je dois l\u2019admettre, ce mot ne me correspond pas vraiment. Bien que la sophrologie soit une m\u00e9thode formidable, il me manque ce petit quelque chose qui me ressemble vraiment. Dans mon m\u00e9tier, j\u2019ai envie que \u00e7a bouge, j\u2019ai besoin d\u2019une approche dynamique, o\u00f9 chaque s\u00e9ance est une occasion de se red\u00e9couvrir, de rena\u00eetre.<\/p>\n\n\n\n<p class=\"has-text-align-center\" style=\"font-size:18px\">C\u2019est pourquoi j\u2019ai d\u00e9cid\u00e9 de devenir coach en pr\u00e9paration mentale. Ce titre refl\u00e8te bien mieux l\u2019\u00e9nergie que j\u2019apporte \u00e0 mon travail, surtout avec les artistes et les adolescents que j\u2019accompagne. Ces personnes ont besoin de mouvement, de dynamisme pour trouver leur confiance, pour s\u2019\u00e9panouir pleinement. \u00catre coach en pr\u00e9paration mentale, c\u2019est pr\u00e9cis\u00e9ment \u00e7a : un accompagnement vivant, qui bouge, qui \u00e9volue, et qui, tout comme moi, est en constante r\u00e9invention.<\/p>\n\n\n\n<blockquote class=\"wp-block-quote is-layout-flow wp-block-quote-is-layout-flow\">\n<p class=\"has-text-align-center\" style=\"font-size:22px\">\u00ab\u00a0<strong>\u00c0 pr\u00e9sent, c&rsquo;est \u00e0 moi de vous accompagner<\/strong>.\u00a0\u00bb<\/p>\n<\/blockquote>\n\n\n\n<p><\/p>\n","protected":false},"excerpt":{"rendered":"<p>Une nouvelle vie commence pour moi, mais dans ce job qui me passionne, mes d\u00e9mons refont surface : donc j\u2019\u00e9coute et j\u2019ob\u00e9is. Je finis m\u00eame par encaisser des insultes de la part de mon responsable en me disant que c\u2019\u00e9tait normal car il m\u2019avait tout appris dans ce m\u00e9tier. Pendant 3 ans, j&rsquo;ai subi et &hellip; <\/p>\n<p class=\"link-more\"><a href=\"https:\/\/leavong.com\/index.php\/la-suite-de-mon-histoire\/\" class=\"more-link\">Continuer la lecture<span class=\"screen-reader-text\"> de &laquo;&nbsp;La suite de mon histoire&nbsp;&raquo;<\/span><\/a><\/p>\n","protected":false},"author":1,"featured_media":0,"parent":0,"menu_order":0,"comment_status":"closed","ping_status":"closed","template":"elementor_header_footer","meta":{"footnotes":""},"class_list":["post-617","page","type-page","status-publish","hentry"],"_links":{"self":[{"href":"https:\/\/leavong.com\/index.php\/wp-json\/wp\/v2\/pages\/617","targetHints":{"allow":["GET"]}}],"collection":[{"href":"https:\/\/leavong.com\/index.php\/wp-json\/wp\/v2\/pages"}],"about":[{"href":"https:\/\/leavong.com\/index.php\/wp-json\/wp\/v2\/types\/page"}],"author":[{"embeddable":true,"href":"https:\/\/leavong.com\/index.php\/wp-json\/wp\/v2\/users\/1"}],"replies":[{"embeddable":true,"href":"https:\/\/leavong.com\/index.php\/wp-json\/wp\/v2\/comments?post=617"}],"version-history":[{"count":4,"href":"https:\/\/leavong.com\/index.php\/wp-json\/wp\/v2\/pages\/617\/revisions"}],"predecessor-version":[{"id":715,"href":"https:\/\/leavong.com\/index.php\/wp-json\/wp\/v2\/pages\/617\/revisions\/715"}],"wp:attachment":[{"href":"https:\/\/leavong.com\/index.php\/wp-json\/wp\/v2\/media?parent=617"}],"curies":[{"name":"wp","href":"https:\/\/api.w.org\/{rel}","templated":true}]}}